{"id":9,"date":"2024-10-04T08:24:00","date_gmt":"2024-10-04T08:24:00","guid":{"rendered":"http:\/\/dev.artistrum.fi\/?page_id=9"},"modified":"2024-10-04T16:11:10","modified_gmt":"2024-10-04T13:11:10","slug":"valkommen","status":"publish","type":"page","link":"https:\/\/artistrum.fi\/","title":{"rendered":"V\u00e4lkommen"},"content":{"rendered":"\n<div class=\"wp-block-group is-vertical is-content-justification-center is-layout-flex wp-container-core-group-is-layout-c98f84f3 wp-block-group-is-layout-flex\" style=\"margin-top:var(--wp--preset--spacing--30);margin-bottom:var(--wp--preset--spacing--30)\">\n<p>I de nybyggda kvarteren p\u00e5 Busholmen ligger Kvarteret Victoria, som \u00e4r Busholmens centrum f\u00f6r kulturell och spr\u00e5klig m\u00e5ngfald med en levande svenska. F\u00f6r mer information om Kvarteret Victoria kan du bes\u00f6ka kvarterets&nbsp;<a href=\"http:\/\/www.kvarteretvictoria.fi\/hemsida\/\">hemsida<\/a>.<\/p>\n\n\n\n<p>I detta kvarter finns ett tiotal l\u00e4genheter som b\u00e4r namnet &#8220;artistl\u00e4genheter&#8221;. V\u00e5ra l\u00e4genheter \u00e4r ettor p\u00e5 &nbsp;26 m2 och \u00e4r bel\u00e4gna p\u00e5 Busholmsgr\u00e4nden. L\u00e4genheterna f\u00e4rdigst\u00e4lldes i oktober 2016 och \u00e4r nu inflyttningsklara.&nbsp;<\/p>\n\n\n\n<p>Ettorna \u00e4r uppdelade s\u00e5 att sex stycken \u00e4r \u00f6ronm\u00e4rkta f\u00f6r alla kategorier av konstut\u00f6vare, detta i enlighet med&nbsp;v\u00e5r finansi\u00e4r&nbsp;Svenska Kulturfondens beslut. De \u00f6vriga fyra l\u00e4genheterna hyrs ut utan n\u00e5gra speciella krav p\u00e5 den eller de som bos\u00e4tter sig.&nbsp;L\u00e4genheterna koordineras och administreras av Garantif\u00f6reningen f\u00f6r Svenska teatern r.f.<\/p>\n\n\n\n<p class=\"has-text-align-center\"><a href=\"http:\/\/artistrum.fi\/index.php\/intresseanmalan\/\" data-type=\"page\" data-id=\"60\">\u00c4r du intresserad av att bo i hj\u00e4rtat av ett nytt kulturellt centrum i Helsingfors?<\/a><\/p>\n\n\n\n<figure class=\"wp-block-image size-full has-custom-border is-style-default\"><img loading=\"lazy\" decoding=\"async\" width=\"2400\" height=\"1000\" src=\"http:\/\/artistrum.fi\/wp-content\/uploads\/2024\/10\/jatkasaarenkuja_aleksi_leinonen.jpg\" alt=\"\" class=\"wp-image-99\" style=\"border-radius:10px\"\/><\/figure>\n<\/div>\n","protected":false},"excerpt":{"rendered":"<p>I de nybyggda kvarteren p\u00e5 Busholmen ligger Kvarteret Victoria, som \u00e4r Busholmens centrum f\u00f6r kulturell och spr\u00e5klig m\u00e5ngfald med en levande svenska. F\u00f6r mer information om Kvarteret Victoria kan du bes\u00f6ka kvarterets&nbsp;hemsida. I detta kvarter finns ett tiotal l\u00e4genheter som b\u00e4r namnet &#8220;artistl\u00e4genheter&#8221;. V\u00e5ra l\u00e4genheter \u00e4r ettor p\u00e5 &nbsp;26 m2 och \u00e4r bel\u00e4gna p\u00e5 Busholmsgr\u00e4nden. [&hellip;]<\/p>\n","protected":false},"author":1,"featured_media":0,"parent":0,"menu_order":0,"comment_status":"closed","ping_status":"closed","template":"","meta":{"footnotes":""},"class_list":["post-9","page","type-page","status-publish","hentry"],"_links":{"self":[{"href":"https:\/\/artistrum.fi\/index.php\/wp-json\/wp\/v2\/pages\/9","targetHints":{"allow":["GET"]}}],"collection":[{"href":"https:\/\/artistrum.fi\/index.php\/wp-json\/wp\/v2\/pages"}],"about":[{"href":"https:\/\/artistrum.fi\/index.php\/wp-json\/wp\/v2\/types\/page"}],"author":[{"embeddable":true,"href":"https:\/\/artistrum.fi\/index.php\/wp-json\/wp\/v2\/users\/1"}],"replies":[{"embeddable":true,"href":"https:\/\/artistrum.fi\/index.php\/wp-json\/wp\/v2\/comments?post=9"}],"version-history":[{"count":5,"href":"https:\/\/artistrum.fi\/index.php\/wp-json\/wp\/v2\/pages\/9\/revisions"}],"predecessor-version":[{"id":101,"href":"https:\/\/artistrum.fi\/index.php\/wp-json\/wp\/v2\/pages\/9\/revisions\/101"}],"wp:attachment":[{"href":"https:\/\/artistrum.fi\/index.php\/wp-json\/wp\/v2\/media?parent=9"}],"curies":[{"name":"wp","href":"https:\/\/api.w.org\/{rel}","templated":true}]}}